{"id":1573,"date":"2025-08-18T15:40:37","date_gmt":"2025-08-18T15:40:37","guid":{"rendered":"https:\/\/uhorn.buro210.nl\/sample-page\/"},"modified":"2026-03-09T11:10:23","modified_gmt":"2026-03-09T11:10:23","slug":"home","status":"publish","type":"page","link":"https:\/\/unique-horn-hoofcare.com\/de\/","title":{"rendered":"Home"},"content":{"rendered":"\r\n<p>Dies ist eine Beispielseite. Sie unterscheidet sich von einem Blogbeitrag, da sie an einem Ort bleibt und (in den meisten Themes) in Ihrer Websitenavigation erscheint. Die meisten Menschen beginnen mit einer \u201e\u00dcber uns\u201c-Seite, die sie potenziellen Besuchern vorstellt. Dort k\u00f6nnte etwa Folgendes stehen:<\/p>\r\n\r\n\r\n\r\n<blockquote class=\"wp-block-quote is-layout-flow wp-block-quote-is-layout-flow\">\r\n<p>Hallo! Tags\u00fcber bin ich als Fahrradkurier unterwegs, nachts bin ich aufstrebender Schauspieler, und dies ist meine Website. Ich lebe in Los Angeles, habe einen tollen Hund namens Jack und ich mag Pi\u00f1a Coladas. (Und Regenspazierg\u00e4nge.)<\/p>\r\n<\/blockquote>\r\n\r\n\r\n\r\n<p>&#8230;oder so etwas wie:<\/p>\r\n\r\n\r\n\r\n<blockquote class=\"wp-block-quote is-layout-flow wp-block-quote-is-layout-flow\">\r\n<p>Die XYZ Doohickey Company wurde 1971 gegr\u00fcndet und versorgt die \u00d6ffentlichkeit seither mit hochwertigen Doohickeys. Das in Gotham City ans\u00e4ssige Unternehmen XYZ besch\u00e4ftigt \u00fcber 2.000 Mitarbeiter und engagiert sich auf vielf\u00e4ltige Weise f\u00fcr die Gemeinschaft von Gotham.<\/p>\r\n<\/blockquote>\r\n\r\n\r\n\r\n<p>Als neuer WordPress-Benutzer sollten Sie zu <a href=\"https:\/\/unique-horn-hoofcare.com\/wp-admin\/\">Ihrem Dashboard<\/a> gehen, um diese Seite zu l\u00f6schen und neue Seiten f\u00fcr Ihre Inhalte zu erstellen. Viel Spa\u00df!<\/p>\r\n","protected":false},"excerpt":{"rendered":"<p>Dies ist eine Beispielseite. Sie unterscheidet sich von einem Blogbeitrag, da sie an einem Ort bleibt und (in den meisten Themes) in Ihrer Websitenavigation erscheint. Die meisten Menschen beginnen mit einer \u201e\u00dcber uns\u201c-Seite, die sie potenziellen Besuchern vorstellt. Dort k\u00f6nnte etwa Folgendes stehen: Hallo! Tags\u00fcber bin ich als Fahrradkurier unterwegs, nachts bin ich aufstrebender Schauspieler, [&hellip;]<\/p>\n","protected":false},"author":1,"featured_media":0,"parent":0,"menu_order":0,"comment_status":"closed","ping_status":"open","template":"","meta":{"_acf_changed":false,"inline_featured_image":false,"footnotes":""},"class_list":["post-1573","page","type-page","status-publish","hentry"],"acf":[],"yoast_head":"<!-- This site is optimized with the Yoast SEO plugin v27.4 - https:\/\/yoast.com\/product\/yoast-seo-wordpress\/ -->\n<title>Home - Unique Horn Hufpflege<\/title>\n<meta name=\"description\" content=\"Unique Horn bietet fachkundige, nat\u00fcrliche Hufpflege f\u00fcr Pferde. F\u00fcr gesunde Hufe, bessere Bewegung und nachhaltiges Pferdewohl.\" \/>\n<meta name=\"robots\" content=\"index, follow, max-snippet:-1, max-image-preview:large, max-video-preview:-1\" \/>\n<link rel=\"canonical\" href=\"https:\/\/unique-horn-hoofcare.com\/de\/\" \/>\n<meta property=\"og:locale\" content=\"de_DE\" \/>\n<meta property=\"og:type\" content=\"article\" \/>\n<meta property=\"og:title\" content=\"Home - Unique Horn Hufpflege\" \/>\n<meta property=\"og:description\" content=\"Unique Horn bietet fachkundige, nat\u00fcrliche Hufpflege f\u00fcr Pferde. F\u00fcr gesunde Hufe, bessere Bewegung und nachhaltiges Pferdewohl.\" \/>\n<meta property=\"og:url\" content=\"https:\/\/unique-horn-hoofcare.com\/de\/\" \/>\n<meta property=\"og:site_name\" content=\"Unique Horn\" \/>\n<meta property=\"article:modified_time\" content=\"2026-03-09T11:10:23+00:00\" \/>\n<meta name=\"twitter:card\" content=\"summary_large_image\" \/>\n<meta name=\"twitter:label1\" content=\"Gesch\u00e4tzte Lesezeit\" \/>\n\t<meta name=\"twitter:data1\" content=\"2\u00a0Minute\" \/>\n<script type=\"application\/ld+json\" class=\"yoast-schema-graph\">{\"@context\":\"https:\\\/\\\/schema.org\",\"@graph\":[{\"@type\":\"WebPage\",\"@id\":\"https:\\\/\\\/unique-horn-hoofcare.com\\\/de\\\/\",\"url\":\"https:\\\/\\\/unique-horn-hoofcare.com\\\/de\\\/\",\"name\":\"Home - Unique Horn Hufpflege\",\"isPartOf\":{\"@id\":\"https:\\\/\\\/unique-horn-hoofcare.com\\\/de\\\/#website\"},\"datePublished\":\"2025-08-18T15:40:37+00:00\",\"dateModified\":\"2026-03-09T11:10:23+00:00\",\"description\":\"Unique Horn bietet fachkundige, nat\u00fcrliche Hufpflege f\u00fcr Pferde. F\u00fcr gesunde Hufe, bessere Bewegung und nachhaltiges Pferdewohl.\",\"breadcrumb\":{\"@id\":\"https:\\\/\\\/unique-horn-hoofcare.com\\\/de\\\/#breadcrumb\"},\"inLanguage\":\"de\",\"potentialAction\":[{\"@type\":\"ReadAction\",\"target\":[\"https:\\\/\\\/unique-horn-hoofcare.com\\\/de\\\/\"]}]},{\"@type\":\"BreadcrumbList\",\"@id\":\"https:\\\/\\\/unique-horn-hoofcare.com\\\/de\\\/#breadcrumb\",\"itemListElement\":[{\"@type\":\"ListItem\",\"position\":1,\"name\":\"Home\",\"item\":\"https:\\\/\\\/unique-horn-hoofcare.com\\\/de\\\/\"},{\"@type\":\"ListItem\",\"position\":2,\"name\":\"Home\"}]},{\"@type\":\"WebSite\",\"@id\":\"https:\\\/\\\/unique-horn-hoofcare.com\\\/de\\\/#website\",\"url\":\"https:\\\/\\\/unique-horn-hoofcare.com\\\/de\\\/\",\"name\":\"Unique Horn\",\"description\":\"\",\"potentialAction\":[{\"@type\":\"SearchAction\",\"target\":{\"@type\":\"EntryPoint\",\"urlTemplate\":\"https:\\\/\\\/unique-horn-hoofcare.com\\\/de\\\/?s={search_term_string}\"},\"query-input\":{\"@type\":\"PropertyValueSpecification\",\"valueRequired\":true,\"valueName\":\"search_term_string\"}}],\"inLanguage\":\"de\"}]}<\/script>\n<!-- \/ Yoast SEO plugin. -->","yoast_head_json":{"title":"Home - Unique Horn Hufpflege","description":"Unique Horn bietet fachkundige, nat\u00fcrliche Hufpflege f\u00fcr Pferde. F\u00fcr gesunde Hufe, bessere Bewegung und nachhaltiges Pferdewohl.","robots":{"index":"index","follow":"follow","max-snippet":"max-snippet:-1","max-image-preview":"max-image-preview:large","max-video-preview":"max-video-preview:-1"},"canonical":"https:\/\/unique-horn-hoofcare.com\/de\/","og_locale":"de_DE","og_type":"article","og_title":"Home - Unique Horn Hufpflege","og_description":"Unique Horn bietet fachkundige, nat\u00fcrliche Hufpflege f\u00fcr Pferde. F\u00fcr gesunde Hufe, bessere Bewegung und nachhaltiges Pferdewohl.","og_url":"https:\/\/unique-horn-hoofcare.com\/de\/","og_site_name":"Unique Horn","article_modified_time":"2026-03-09T11:10:23+00:00","twitter_card":"summary_large_image","twitter_misc":{"Gesch\u00e4tzte Lesezeit":"2\u00a0Minute"},"schema":{"@context":"https:\/\/schema.org","@graph":[{"@type":"WebPage","@id":"https:\/\/unique-horn-hoofcare.com\/de\/","url":"https:\/\/unique-horn-hoofcare.com\/de\/","name":"Home - Unique Horn Hufpflege","isPartOf":{"@id":"https:\/\/unique-horn-hoofcare.com\/de\/#website"},"datePublished":"2025-08-18T15:40:37+00:00","dateModified":"2026-03-09T11:10:23+00:00","description":"Unique Horn bietet fachkundige, nat\u00fcrliche Hufpflege f\u00fcr Pferde. F\u00fcr gesunde Hufe, bessere Bewegung und nachhaltiges Pferdewohl.","breadcrumb":{"@id":"https:\/\/unique-horn-hoofcare.com\/de\/#breadcrumb"},"inLanguage":"de","potentialAction":[{"@type":"ReadAction","target":["https:\/\/unique-horn-hoofcare.com\/de\/"]}]},{"@type":"BreadcrumbList","@id":"https:\/\/unique-horn-hoofcare.com\/de\/#breadcrumb","itemListElement":[{"@type":"ListItem","position":1,"name":"Home","item":"https:\/\/unique-horn-hoofcare.com\/de\/"},{"@type":"ListItem","position":2,"name":"Home"}]},{"@type":"WebSite","@id":"https:\/\/unique-horn-hoofcare.com\/de\/#website","url":"https:\/\/unique-horn-hoofcare.com\/de\/","name":"Unique Horn","description":"","potentialAction":[{"@type":"SearchAction","target":{"@type":"EntryPoint","urlTemplate":"https:\/\/unique-horn-hoofcare.com\/de\/?s={search_term_string}"},"query-input":{"@type":"PropertyValueSpecification","valueRequired":true,"valueName":"search_term_string"}}],"inLanguage":"de"}]}},"_links":{"self":[{"href":"https:\/\/unique-horn-hoofcare.com\/de\/wp-json\/wp\/v2\/pages\/1573","targetHints":{"allow":["GET"]}}],"collection":[{"href":"https:\/\/unique-horn-hoofcare.com\/de\/wp-json\/wp\/v2\/pages"}],"about":[{"href":"https:\/\/unique-horn-hoofcare.com\/de\/wp-json\/wp\/v2\/types\/page"}],"author":[{"embeddable":true,"href":"https:\/\/unique-horn-hoofcare.com\/de\/wp-json\/wp\/v2\/users\/1"}],"replies":[{"embeddable":true,"href":"https:\/\/unique-horn-hoofcare.com\/de\/wp-json\/wp\/v2\/comments?post=1573"}],"version-history":[{"count":6,"href":"https:\/\/unique-horn-hoofcare.com\/de\/wp-json\/wp\/v2\/pages\/1573\/revisions"}],"predecessor-version":[{"id":2335,"href":"https:\/\/unique-horn-hoofcare.com\/de\/wp-json\/wp\/v2\/pages\/1573\/revisions\/2335"}],"wp:attachment":[{"href":"https:\/\/unique-horn-hoofcare.com\/de\/wp-json\/wp\/v2\/media?parent=1573"}],"curies":[{"name":"wp","href":"https:\/\/api.w.org\/{rel}","templated":true}]}}