{"id":1597,"date":"2025-10-20T14:38:08","date_gmt":"2025-10-20T14:38:08","guid":{"rendered":"https:\/\/uhorn.buro210.nl\/hoefschoenen\/"},"modified":"2026-05-01T04:28:12","modified_gmt":"2026-05-01T04:28:12","slug":"hufschuhe","status":"publish","type":"page","link":"https:\/\/unique-horn-hoofcare.com\/de\/hufschuhe\/","title":{"rendered":"Hufschuhe"},"content":{"rendered":"","protected":false},"excerpt":{"rendered":"","protected":false},"author":1,"featured_media":0,"parent":0,"menu_order":0,"comment_status":"closed","ping_status":"closed","template":"","meta":{"_acf_changed":false,"inline_featured_image":false,"footnotes":""},"class_list":["post-1597","page","type-page","status-publish","hentry"],"acf":[],"yoast_head":"<!-- This site is optimized with the Yoast SEO plugin v27.4 - https:\/\/yoast.com\/product\/yoast-seo-wordpress\/ -->\n<title>Hufschuhe - Unique Horn<\/title>\n<meta name=\"description\" content=\"Hufschuhe f\u00fcr Pferde sch\u00fctzen den Huf bei Bedarf. Ideal f\u00fcr Komfort und Schutz bei Ausritten und im Training.\" \/>\n<meta name=\"robots\" content=\"index, follow, max-snippet:-1, max-image-preview:large, max-video-preview:-1\" \/>\n<link rel=\"canonical\" href=\"https:\/\/unique-horn-hoofcare.com\/de\/hufschuhe\/\" \/>\n<meta property=\"og:locale\" content=\"de_DE\" \/>\n<meta property=\"og:type\" content=\"article\" \/>\n<meta property=\"og:title\" content=\"Hufschuhe - Unique Horn\" \/>\n<meta property=\"og:description\" content=\"Hufschuhe f\u00fcr Pferde sch\u00fctzen den Huf bei Bedarf. Ideal f\u00fcr Komfort und Schutz bei Ausritten und im Training.\" \/>\n<meta property=\"og:url\" content=\"https:\/\/unique-horn-hoofcare.com\/de\/hufschuhe\/\" \/>\n<meta property=\"og:site_name\" content=\"Unique Horn\" \/>\n<meta property=\"article:modified_time\" content=\"2026-05-01T04:28:12+00:00\" \/>\n<meta name=\"twitter:card\" content=\"summary_large_image\" \/>\n<meta name=\"twitter:label1\" content=\"Gesch\u00e4tzte Lesezeit\" \/>\n\t<meta name=\"twitter:data1\" content=\"2\u00a0Minute\" \/>\n<script type=\"application\/ld+json\" class=\"yoast-schema-graph\">{\"@context\":\"https:\\\/\\\/schema.org\",\"@graph\":[{\"@type\":\"WebPage\",\"@id\":\"https:\\\/\\\/unique-horn-hoofcare.com\\\/de\\\/hufschuhe\\\/\",\"url\":\"https:\\\/\\\/unique-horn-hoofcare.com\\\/de\\\/hufschuhe\\\/\",\"name\":\"Hufschuhe - Unique Horn\",\"isPartOf\":{\"@id\":\"https:\\\/\\\/unique-horn-hoofcare.com\\\/de\\\/#website\"},\"datePublished\":\"2025-10-20T14:38:08+00:00\",\"dateModified\":\"2026-05-01T04:28:12+00:00\",\"description\":\"Hufschuhe f\u00fcr Pferde sch\u00fctzen den Huf bei Bedarf. Ideal f\u00fcr Komfort und Schutz bei Ausritten und im Training.\",\"breadcrumb\":{\"@id\":\"https:\\\/\\\/unique-horn-hoofcare.com\\\/de\\\/hufschuhe\\\/#breadcrumb\"},\"inLanguage\":\"de\",\"potentialAction\":[{\"@type\":\"ReadAction\",\"target\":[\"https:\\\/\\\/unique-horn-hoofcare.com\\\/de\\\/hufschuhe\\\/\"]}]},{\"@type\":\"BreadcrumbList\",\"@id\":\"https:\\\/\\\/unique-horn-hoofcare.com\\\/de\\\/hufschuhe\\\/#breadcrumb\",\"itemListElement\":[{\"@type\":\"ListItem\",\"position\":1,\"name\":\"Home\",\"item\":\"https:\\\/\\\/unique-horn-hoofcare.com\\\/de\\\/\"},{\"@type\":\"ListItem\",\"position\":2,\"name\":\"Hufschuhe\"}]},{\"@type\":\"WebSite\",\"@id\":\"https:\\\/\\\/unique-horn-hoofcare.com\\\/de\\\/#website\",\"url\":\"https:\\\/\\\/unique-horn-hoofcare.com\\\/de\\\/\",\"name\":\"Unique Horn\",\"description\":\"\",\"potentialAction\":[{\"@type\":\"SearchAction\",\"target\":{\"@type\":\"EntryPoint\",\"urlTemplate\":\"https:\\\/\\\/unique-horn-hoofcare.com\\\/de\\\/?s={search_term_string}\"},\"query-input\":{\"@type\":\"PropertyValueSpecification\",\"valueRequired\":true,\"valueName\":\"search_term_string\"}}],\"inLanguage\":\"de\"}]}<\/script>\n<!-- \/ Yoast SEO plugin. -->","yoast_head_json":{"title":"Hufschuhe - Unique Horn","description":"Hufschuhe f\u00fcr Pferde sch\u00fctzen den Huf bei Bedarf. Ideal f\u00fcr Komfort und Schutz bei Ausritten und im Training.","robots":{"index":"index","follow":"follow","max-snippet":"max-snippet:-1","max-image-preview":"max-image-preview:large","max-video-preview":"max-video-preview:-1"},"canonical":"https:\/\/unique-horn-hoofcare.com\/de\/hufschuhe\/","og_locale":"de_DE","og_type":"article","og_title":"Hufschuhe - Unique Horn","og_description":"Hufschuhe f\u00fcr Pferde sch\u00fctzen den Huf bei Bedarf. Ideal f\u00fcr Komfort und Schutz bei Ausritten und im Training.","og_url":"https:\/\/unique-horn-hoofcare.com\/de\/hufschuhe\/","og_site_name":"Unique Horn","article_modified_time":"2026-05-01T04:28:12+00:00","twitter_card":"summary_large_image","twitter_misc":{"Gesch\u00e4tzte Lesezeit":"2\u00a0Minute"},"schema":{"@context":"https:\/\/schema.org","@graph":[{"@type":"WebPage","@id":"https:\/\/unique-horn-hoofcare.com\/de\/hufschuhe\/","url":"https:\/\/unique-horn-hoofcare.com\/de\/hufschuhe\/","name":"Hufschuhe - Unique Horn","isPartOf":{"@id":"https:\/\/unique-horn-hoofcare.com\/de\/#website"},"datePublished":"2025-10-20T14:38:08+00:00","dateModified":"2026-05-01T04:28:12+00:00","description":"Hufschuhe f\u00fcr Pferde sch\u00fctzen den Huf bei Bedarf. Ideal f\u00fcr Komfort und Schutz bei Ausritten und im Training.","breadcrumb":{"@id":"https:\/\/unique-horn-hoofcare.com\/de\/hufschuhe\/#breadcrumb"},"inLanguage":"de","potentialAction":[{"@type":"ReadAction","target":["https:\/\/unique-horn-hoofcare.com\/de\/hufschuhe\/"]}]},{"@type":"BreadcrumbList","@id":"https:\/\/unique-horn-hoofcare.com\/de\/hufschuhe\/#breadcrumb","itemListElement":[{"@type":"ListItem","position":1,"name":"Home","item":"https:\/\/unique-horn-hoofcare.com\/de\/"},{"@type":"ListItem","position":2,"name":"Hufschuhe"}]},{"@type":"WebSite","@id":"https:\/\/unique-horn-hoofcare.com\/de\/#website","url":"https:\/\/unique-horn-hoofcare.com\/de\/","name":"Unique Horn","description":"","potentialAction":[{"@type":"SearchAction","target":{"@type":"EntryPoint","urlTemplate":"https:\/\/unique-horn-hoofcare.com\/de\/?s={search_term_string}"},"query-input":{"@type":"PropertyValueSpecification","valueRequired":true,"valueName":"search_term_string"}}],"inLanguage":"de"}]}},"_links":{"self":[{"href":"https:\/\/unique-horn-hoofcare.com\/de\/wp-json\/wp\/v2\/pages\/1597","targetHints":{"allow":["GET"]}}],"collection":[{"href":"https:\/\/unique-horn-hoofcare.com\/de\/wp-json\/wp\/v2\/pages"}],"about":[{"href":"https:\/\/unique-horn-hoofcare.com\/de\/wp-json\/wp\/v2\/types\/page"}],"author":[{"embeddable":true,"href":"https:\/\/unique-horn-hoofcare.com\/de\/wp-json\/wp\/v2\/users\/1"}],"replies":[{"embeddable":true,"href":"https:\/\/unique-horn-hoofcare.com\/de\/wp-json\/wp\/v2\/comments?post=1597"}],"version-history":[{"count":6,"href":"https:\/\/unique-horn-hoofcare.com\/de\/wp-json\/wp\/v2\/pages\/1597\/revisions"}],"predecessor-version":[{"id":3033,"href":"https:\/\/unique-horn-hoofcare.com\/de\/wp-json\/wp\/v2\/pages\/1597\/revisions\/3033"}],"wp:attachment":[{"href":"https:\/\/unique-horn-hoofcare.com\/de\/wp-json\/wp\/v2\/media?parent=1597"}],"curies":[{"name":"wp","href":"https:\/\/api.w.org\/{rel}","templated":true}]}}