{"id":1575,"date":"2025-08-19T11:31:59","date_gmt":"2025-08-19T11:31:59","guid":{"rendered":"https:\/\/uhorn.buro210.nl\/hoefverzorging\/"},"modified":"2026-03-09T11:34:22","modified_gmt":"2026-03-09T11:34:22","slug":"soins-des-sabots","status":"publish","type":"page","link":"https:\/\/unique-horn-hoofcare.com\/fr\/soins-des-sabots\/","title":{"rendered":"Soins des sabots"},"content":{"rendered":"","protected":false},"excerpt":{"rendered":"","protected":false},"author":1,"featured_media":0,"parent":0,"menu_order":0,"comment_status":"closed","ping_status":"closed","template":"","meta":{"_acf_changed":false,"inline_featured_image":false,"footnotes":""},"class_list":["post-1575","page","type-page","status-publish","hentry"],"acf":[],"yoast_head":"<!-- This site is optimized with the Yoast SEO plugin v27.4 - https:\/\/yoast.com\/product\/yoast-seo-wordpress\/ -->\n<title>Soins des sabots - Unique Horn<\/title>\n<meta name=\"description\" content=\"Unique Horn propose des produits de soins naturels pour les sabots des chevaux, ax\u00e9s sur la sant\u00e9 des sabots et le bien-\u00eatre durable des \u00e9quid\u00e9s.\" \/>\n<meta name=\"robots\" content=\"index, follow, max-snippet:-1, max-image-preview:large, max-video-preview:-1\" \/>\n<link rel=\"canonical\" href=\"https:\/\/unique-horn-hoofcare.com\/fr\/soins-des-sabots\/\" \/>\n<meta property=\"og:locale\" content=\"fr_FR\" \/>\n<meta property=\"og:type\" content=\"article\" \/>\n<meta property=\"og:title\" content=\"Soins des sabots - Unique Horn\" \/>\n<meta property=\"og:description\" content=\"Unique Horn propose des produits de soins naturels pour les sabots des chevaux, ax\u00e9s sur la sant\u00e9 des sabots et le bien-\u00eatre durable des \u00e9quid\u00e9s.\" \/>\n<meta property=\"og:url\" content=\"https:\/\/unique-horn-hoofcare.com\/fr\/soins-des-sabots\/\" \/>\n<meta property=\"og:site_name\" content=\"Unique Horn\" \/>\n<meta property=\"article:modified_time\" content=\"2026-03-09T11:34:22+00:00\" \/>\n<meta name=\"twitter:card\" content=\"summary_large_image\" \/>\n<meta name=\"twitter:label1\" content=\"Dur\u00e9e de lecture estim\u00e9e\" \/>\n\t<meta name=\"twitter:data1\" content=\"3 minutes\" \/>\n<script type=\"application\/ld+json\" class=\"yoast-schema-graph\">{\"@context\":\"https:\\\/\\\/schema.org\",\"@graph\":[{\"@type\":\"WebPage\",\"@id\":\"https:\\\/\\\/unique-horn-hoofcare.com\\\/fr\\\/soins-des-sabots\\\/\",\"url\":\"https:\\\/\\\/unique-horn-hoofcare.com\\\/fr\\\/soins-des-sabots\\\/\",\"name\":\"Soins des sabots - Unique Horn\",\"isPartOf\":{\"@id\":\"https:\\\/\\\/unique-horn-hoofcare.com\\\/fr\\\/#website\"},\"datePublished\":\"2025-08-19T11:31:59+00:00\",\"dateModified\":\"2026-03-09T11:34:22+00:00\",\"description\":\"Unique Horn propose des produits de soins naturels pour les sabots des chevaux, ax\u00e9s sur la sant\u00e9 des sabots et le bien-\u00eatre durable des \u00e9quid\u00e9s.\",\"breadcrumb\":{\"@id\":\"https:\\\/\\\/unique-horn-hoofcare.com\\\/fr\\\/soins-des-sabots\\\/#breadcrumb\"},\"inLanguage\":\"fr-FR\",\"potentialAction\":[{\"@type\":\"ReadAction\",\"target\":[\"https:\\\/\\\/unique-horn-hoofcare.com\\\/fr\\\/soins-des-sabots\\\/\"]}]},{\"@type\":\"BreadcrumbList\",\"@id\":\"https:\\\/\\\/unique-horn-hoofcare.com\\\/fr\\\/soins-des-sabots\\\/#breadcrumb\",\"itemListElement\":[{\"@type\":\"ListItem\",\"position\":1,\"name\":\"Accueil\",\"item\":\"https:\\\/\\\/unique-horn-hoofcare.com\\\/fr\\\/\"},{\"@type\":\"ListItem\",\"position\":2,\"name\":\"Soins des sabots\"}]},{\"@type\":\"WebSite\",\"@id\":\"https:\\\/\\\/unique-horn-hoofcare.com\\\/fr\\\/#website\",\"url\":\"https:\\\/\\\/unique-horn-hoofcare.com\\\/fr\\\/\",\"name\":\"Unique Horn\",\"description\":\"\",\"potentialAction\":[{\"@type\":\"SearchAction\",\"target\":{\"@type\":\"EntryPoint\",\"urlTemplate\":\"https:\\\/\\\/unique-horn-hoofcare.com\\\/fr\\\/?s={search_term_string}\"},\"query-input\":{\"@type\":\"PropertyValueSpecification\",\"valueRequired\":true,\"valueName\":\"search_term_string\"}}],\"inLanguage\":\"fr-FR\"}]}<\/script>\n<!-- \/ Yoast SEO plugin. -->","yoast_head_json":{"title":"Soins des sabots - Unique Horn","description":"Unique Horn propose des produits de soins naturels pour les sabots des chevaux, ax\u00e9s sur la sant\u00e9 des sabots et le bien-\u00eatre durable des \u00e9quid\u00e9s.","robots":{"index":"index","follow":"follow","max-snippet":"max-snippet:-1","max-image-preview":"max-image-preview:large","max-video-preview":"max-video-preview:-1"},"canonical":"https:\/\/unique-horn-hoofcare.com\/fr\/soins-des-sabots\/","og_locale":"fr_FR","og_type":"article","og_title":"Soins des sabots - Unique Horn","og_description":"Unique Horn propose des produits de soins naturels pour les sabots des chevaux, ax\u00e9s sur la sant\u00e9 des sabots et le bien-\u00eatre durable des \u00e9quid\u00e9s.","og_url":"https:\/\/unique-horn-hoofcare.com\/fr\/soins-des-sabots\/","og_site_name":"Unique Horn","article_modified_time":"2026-03-09T11:34:22+00:00","twitter_card":"summary_large_image","twitter_misc":{"Dur\u00e9e de lecture estim\u00e9e":"3 minutes"},"schema":{"@context":"https:\/\/schema.org","@graph":[{"@type":"WebPage","@id":"https:\/\/unique-horn-hoofcare.com\/fr\/soins-des-sabots\/","url":"https:\/\/unique-horn-hoofcare.com\/fr\/soins-des-sabots\/","name":"Soins des sabots - Unique Horn","isPartOf":{"@id":"https:\/\/unique-horn-hoofcare.com\/fr\/#website"},"datePublished":"2025-08-19T11:31:59+00:00","dateModified":"2026-03-09T11:34:22+00:00","description":"Unique Horn propose des produits de soins naturels pour les sabots des chevaux, ax\u00e9s sur la sant\u00e9 des sabots et le bien-\u00eatre durable des \u00e9quid\u00e9s.","breadcrumb":{"@id":"https:\/\/unique-horn-hoofcare.com\/fr\/soins-des-sabots\/#breadcrumb"},"inLanguage":"fr-FR","potentialAction":[{"@type":"ReadAction","target":["https:\/\/unique-horn-hoofcare.com\/fr\/soins-des-sabots\/"]}]},{"@type":"BreadcrumbList","@id":"https:\/\/unique-horn-hoofcare.com\/fr\/soins-des-sabots\/#breadcrumb","itemListElement":[{"@type":"ListItem","position":1,"name":"Accueil","item":"https:\/\/unique-horn-hoofcare.com\/fr\/"},{"@type":"ListItem","position":2,"name":"Soins des sabots"}]},{"@type":"WebSite","@id":"https:\/\/unique-horn-hoofcare.com\/fr\/#website","url":"https:\/\/unique-horn-hoofcare.com\/fr\/","name":"Unique Horn","description":"","potentialAction":[{"@type":"SearchAction","target":{"@type":"EntryPoint","urlTemplate":"https:\/\/unique-horn-hoofcare.com\/fr\/?s={search_term_string}"},"query-input":{"@type":"PropertyValueSpecification","valueRequired":true,"valueName":"search_term_string"}}],"inLanguage":"fr-FR"}]}},"_links":{"self":[{"href":"https:\/\/unique-horn-hoofcare.com\/fr\/wp-json\/wp\/v2\/pages\/1575","targetHints":{"allow":["GET"]}}],"collection":[{"href":"https:\/\/unique-horn-hoofcare.com\/fr\/wp-json\/wp\/v2\/pages"}],"about":[{"href":"https:\/\/unique-horn-hoofcare.com\/fr\/wp-json\/wp\/v2\/types\/page"}],"author":[{"embeddable":true,"href":"https:\/\/unique-horn-hoofcare.com\/fr\/wp-json\/wp\/v2\/users\/1"}],"replies":[{"embeddable":true,"href":"https:\/\/unique-horn-hoofcare.com\/fr\/wp-json\/wp\/v2\/comments?post=1575"}],"version-history":[{"count":2,"href":"https:\/\/unique-horn-hoofcare.com\/fr\/wp-json\/wp\/v2\/pages\/1575\/revisions"}],"predecessor-version":[{"id":2343,"href":"https:\/\/unique-horn-hoofcare.com\/fr\/wp-json\/wp\/v2\/pages\/1575\/revisions\/2343"}],"wp:attachment":[{"href":"https:\/\/unique-horn-hoofcare.com\/fr\/wp-json\/wp\/v2\/media?parent=1575"}],"curies":[{"name":"wp","href":"https:\/\/api.w.org\/{rel}","templated":true}]}}