{"id":1559,"date":"2025-12-02T15:13:44","date_gmt":"2025-12-02T15:13:44","guid":{"rendered":"https:\/\/uhorn.buro210.nl\/product\/unique-horn-pure-hoof-soaker\/"},"modified":"2026-04-18T06:13:06","modified_gmt":"2026-04-18T06:13:06","slug":"unique-horn-pure-hoof-soaker","status":"publish","type":"product","link":"https:\/\/unique-horn-hoofcare.com\/fr\/produit\/unique-horn-pure-hoof-soaker\/","title":{"rendered":"Unique-horn Pure Hoof Soaker 250 ml"},"content":{"rendered":"","protected":false},"excerpt":{"rendered":"","protected":false},"featured_media":0,"comment_status":"open","ping_status":"closed","template":"","meta":{"_acf_changed":false,"inline_featured_image":false},"product_brand":[],"product_cat":[72],"product_tag":[],"class_list":{"0":"post-1559","1":"product","2":"type-product","3":"status-publish","5":"product_cat-soin-des-sabots","7":"first","8":"instock","9":"taxable","10":"shipping-taxable","11":"purchasable","12":"product-type-simple"},"acf":[],"yoast_head":"<!-- This site is optimized with the Yoast SEO plugin v27.4 - https:\/\/yoast.com\/product\/yoast-seo-wordpress\/ -->\n<title>Unique-horn Pure Hoof Soaker 250 ml<\/title>\n<meta name=\"description\" content=\"Pure Hoof Soaker : concentr\u00e9 pour le trempage des sabots, destin\u00e9 au nettoyage et au soin du sabot, par exemple en cas d&#039;abc\u00e8s de sabot ou de fourchette pourrie.\" \/>\n<meta name=\"robots\" content=\"index, follow, max-snippet:-1, max-image-preview:large, max-video-preview:-1\" \/>\n<link rel=\"canonical\" href=\"https:\/\/unique-horn-hoofcare.com\/fr\/produit\/unique-horn-pure-hoof-soaker\/\" \/>\n<meta property=\"og:locale\" content=\"fr_FR\" \/>\n<meta property=\"og:type\" content=\"article\" \/>\n<meta property=\"og:title\" content=\"Unique-horn Pure Hoof Soaker 250 ml\" \/>\n<meta property=\"og:description\" content=\"Pure Hoof Soaker : concentr\u00e9 pour le trempage des sabots, destin\u00e9 au nettoyage et au soin du sabot, par exemple en cas d&#039;abc\u00e8s de sabot ou de fourchette pourrie.\" \/>\n<meta property=\"og:url\" content=\"https:\/\/unique-horn-hoofcare.com\/fr\/produit\/unique-horn-pure-hoof-soaker\/\" \/>\n<meta property=\"og:site_name\" content=\"Unique Horn\" \/>\n<meta property=\"article:modified_time\" content=\"2026-04-18T06:13:06+00:00\" \/>\n<meta name=\"twitter:card\" content=\"summary_large_image\" \/>\n<meta name=\"twitter:label1\" content=\"Dur\u00e9e de lecture estim\u00e9e\" \/>\n\t<meta name=\"twitter:data1\" content=\"5 minutes\" \/>\n<script type=\"application\/ld+json\" class=\"yoast-schema-graph\">{\"@context\":\"https:\\\/\\\/schema.org\",\"@graph\":[{\"@type\":\"WebPage\",\"@id\":\"https:\\\/\\\/unique-horn-hoofcare.com\\\/fr\\\/produit\\\/unique-horn-pure-hoof-soaker\\\/\",\"url\":\"https:\\\/\\\/unique-horn-hoofcare.com\\\/fr\\\/produit\\\/unique-horn-pure-hoof-soaker\\\/\",\"name\":\"Unique-horn Pure Hoof Soaker 250 ml\",\"isPartOf\":{\"@id\":\"https:\\\/\\\/unique-horn-hoofcare.com\\\/fr\\\/#website\"},\"datePublished\":\"2025-12-02T15:13:44+00:00\",\"dateModified\":\"2026-04-18T06:13:06+00:00\",\"description\":\"Pure Hoof Soaker : concentr\u00e9 pour le trempage des sabots, destin\u00e9 au nettoyage et au soin du sabot, par exemple en cas d'abc\u00e8s de sabot ou de fourchette pourrie.\",\"breadcrumb\":{\"@id\":\"https:\\\/\\\/unique-horn-hoofcare.com\\\/fr\\\/produit\\\/unique-horn-pure-hoof-soaker\\\/#breadcrumb\"},\"inLanguage\":\"fr-FR\",\"potentialAction\":[{\"@type\":\"ReadAction\",\"target\":[\"https:\\\/\\\/unique-horn-hoofcare.com\\\/fr\\\/produit\\\/unique-horn-pure-hoof-soaker\\\/\"]}]},{\"@type\":\"BreadcrumbList\",\"@id\":\"https:\\\/\\\/unique-horn-hoofcare.com\\\/fr\\\/produit\\\/unique-horn-pure-hoof-soaker\\\/#breadcrumb\",\"itemListElement\":[{\"@type\":\"ListItem\",\"position\":1,\"name\":\"Accueil\",\"item\":\"https:\\\/\\\/unique-horn-hoofcare.com\\\/fr\\\/\"},{\"@type\":\"ListItem\",\"position\":2,\"name\":\"Boutique\",\"item\":\"https:\\\/\\\/unique-horn-hoofcare.com\\\/fr\\\/boutique\\\/\"},{\"@type\":\"ListItem\",\"position\":3,\"name\":\"Unique-horn Pure Hoof Soaker 250 ml\"}]},{\"@type\":\"WebSite\",\"@id\":\"https:\\\/\\\/unique-horn-hoofcare.com\\\/fr\\\/#website\",\"url\":\"https:\\\/\\\/unique-horn-hoofcare.com\\\/fr\\\/\",\"name\":\"Unique Horn\",\"description\":\"\",\"potentialAction\":[{\"@type\":\"SearchAction\",\"target\":{\"@type\":\"EntryPoint\",\"urlTemplate\":\"https:\\\/\\\/unique-horn-hoofcare.com\\\/fr\\\/?s={search_term_string}\"},\"query-input\":{\"@type\":\"PropertyValueSpecification\",\"valueRequired\":true,\"valueName\":\"search_term_string\"}}],\"inLanguage\":\"fr-FR\"}]}<\/script>\n<!-- \/ Yoast SEO plugin. -->","yoast_head_json":{"title":"Unique-horn Pure Hoof Soaker 250 ml","description":"Pure Hoof Soaker : concentr\u00e9 pour le trempage des sabots, destin\u00e9 au nettoyage et au soin du sabot, par exemple en cas d'abc\u00e8s de sabot ou de fourchette pourrie.","robots":{"index":"index","follow":"follow","max-snippet":"max-snippet:-1","max-image-preview":"max-image-preview:large","max-video-preview":"max-video-preview:-1"},"canonical":"https:\/\/unique-horn-hoofcare.com\/fr\/produit\/unique-horn-pure-hoof-soaker\/","og_locale":"fr_FR","og_type":"article","og_title":"Unique-horn Pure Hoof Soaker 250 ml","og_description":"Pure Hoof Soaker : concentr\u00e9 pour le trempage des sabots, destin\u00e9 au nettoyage et au soin du sabot, par exemple en cas d'abc\u00e8s de sabot ou de fourchette pourrie.","og_url":"https:\/\/unique-horn-hoofcare.com\/fr\/produit\/unique-horn-pure-hoof-soaker\/","og_site_name":"Unique Horn","article_modified_time":"2026-04-18T06:13:06+00:00","twitter_card":"summary_large_image","twitter_misc":{"Dur\u00e9e de lecture estim\u00e9e":"5 minutes"},"schema":{"@context":"https:\/\/schema.org","@graph":[{"@type":"WebPage","@id":"https:\/\/unique-horn-hoofcare.com\/fr\/produit\/unique-horn-pure-hoof-soaker\/","url":"https:\/\/unique-horn-hoofcare.com\/fr\/produit\/unique-horn-pure-hoof-soaker\/","name":"Unique-horn Pure Hoof Soaker 250 ml","isPartOf":{"@id":"https:\/\/unique-horn-hoofcare.com\/fr\/#website"},"datePublished":"2025-12-02T15:13:44+00:00","dateModified":"2026-04-18T06:13:06+00:00","description":"Pure Hoof Soaker : concentr\u00e9 pour le trempage des sabots, destin\u00e9 au nettoyage et au soin du sabot, par exemple en cas d'abc\u00e8s de sabot ou de fourchette pourrie.","breadcrumb":{"@id":"https:\/\/unique-horn-hoofcare.com\/fr\/produit\/unique-horn-pure-hoof-soaker\/#breadcrumb"},"inLanguage":"fr-FR","potentialAction":[{"@type":"ReadAction","target":["https:\/\/unique-horn-hoofcare.com\/fr\/produit\/unique-horn-pure-hoof-soaker\/"]}]},{"@type":"BreadcrumbList","@id":"https:\/\/unique-horn-hoofcare.com\/fr\/produit\/unique-horn-pure-hoof-soaker\/#breadcrumb","itemListElement":[{"@type":"ListItem","position":1,"name":"Accueil","item":"https:\/\/unique-horn-hoofcare.com\/fr\/"},{"@type":"ListItem","position":2,"name":"Boutique","item":"https:\/\/unique-horn-hoofcare.com\/fr\/boutique\/"},{"@type":"ListItem","position":3,"name":"Unique-horn Pure Hoof Soaker 250 ml"}]},{"@type":"WebSite","@id":"https:\/\/unique-horn-hoofcare.com\/fr\/#website","url":"https:\/\/unique-horn-hoofcare.com\/fr\/","name":"Unique Horn","description":"","potentialAction":[{"@type":"SearchAction","target":{"@type":"EntryPoint","urlTemplate":"https:\/\/unique-horn-hoofcare.com\/fr\/?s={search_term_string}"},"query-input":{"@type":"PropertyValueSpecification","valueRequired":true,"valueName":"search_term_string"}}],"inLanguage":"fr-FR"}]}},"_links":{"self":[{"href":"https:\/\/unique-horn-hoofcare.com\/fr\/wp-json\/wp\/v2\/product\/1559","targetHints":{"allow":["GET"]}}],"collection":[{"href":"https:\/\/unique-horn-hoofcare.com\/fr\/wp-json\/wp\/v2\/product"}],"about":[{"href":"https:\/\/unique-horn-hoofcare.com\/fr\/wp-json\/wp\/v2\/types\/product"}],"replies":[{"embeddable":true,"href":"https:\/\/unique-horn-hoofcare.com\/fr\/wp-json\/wp\/v2\/comments?post=1559"}],"wp:attachment":[{"href":"https:\/\/unique-horn-hoofcare.com\/fr\/wp-json\/wp\/v2\/media?parent=1559"}],"wp:term":[{"taxonomy":"product_brand","embeddable":true,"href":"https:\/\/unique-horn-hoofcare.com\/fr\/wp-json\/wp\/v2\/product_brand?post=1559"},{"taxonomy":"product_cat","embeddable":true,"href":"https:\/\/unique-horn-hoofcare.com\/fr\/wp-json\/wp\/v2\/product_cat?post=1559"},{"taxonomy":"product_tag","embeddable":true,"href":"https:\/\/unique-horn-hoofcare.com\/fr\/wp-json\/wp\/v2\/product_tag?post=1559"}],"curies":[{"name":"wp","href":"https:\/\/api.w.org\/{rel}","templated":true}]}}